{"id":648,"date":"2021-03-18T13:03:03","date_gmt":"2021-03-18T13:03:03","guid":{"rendered":"https:\/\/festivaldecaruaru.com.br\/2021\/?page_id=648"},"modified":"2021-03-18T13:16:41","modified_gmt":"2021-03-18T13:16:41","slug":"o-festival","status":"publish","type":"page","link":"https:\/\/festivaldecaruaru.com.br\/2021\/?page_id=648","title":{"rendered":"O Festival"},"content":{"rendered":"\t\t<div data-elementor-type=\"wp-page\" data-elementor-id=\"648\" class=\"elementor elementor-648\" data-elementor-settings=\"[]\">\n\t\t\t\t\t\t\t<div class=\"elementor-section-wrap\">\n\t\t\t\t\t\t\t<section class=\"elementor-section elementor-top-section elementor-element elementor-element-ad22715 elementor-section-boxed elementor-section-height-default elementor-section-height-default\" data-id=\"ad22715\" data-element_type=\"section\">\n\t\t\t\t\t\t<div class=\"elementor-container elementor-column-gap-default\">\n\t\t\t\t\t<div class=\"elementor-column elementor-col-100 elementor-top-column elementor-element elementor-element-f1b1bad\" data-id=\"f1b1bad\" data-element_type=\"column\">\n\t\t\t<div class=\"elementor-widget-wrap elementor-element-populated\">\n\t\t\t\t\t\t\t\t<div class=\"elementor-element elementor-element-6290907 elementor-widget-divider--view-line elementor-widget elementor-widget-divider\" data-id=\"6290907\" data-element_type=\"widget\" data-widget_type=\"divider.default\">\n\t\t\t\t<div class=\"elementor-widget-container\">\n\t\t\t\t\t<div class=\"elementor-divider\">\n\t\t\t<span class=\"elementor-divider-separator\">\n\t\t\t\t\t\t<\/span>\n\t\t<\/div>\n\t\t\t\t<\/div>\n\t\t\t\t<\/div>\n\t\t\t\t\t<\/div>\n\t\t<\/div>\n\t\t\t\t\t\t\t<\/div>\n\t\t<\/section>\n\t\t\t\t<section class=\"elementor-section elementor-top-section elementor-element elementor-element-8479c62 elementor-section-boxed elementor-section-height-default elementor-section-height-default\" data-id=\"8479c62\" data-element_type=\"section\">\n\t\t\t\t\t\t<div class=\"elementor-container elementor-column-gap-default\">\n\t\t\t\t\t<div class=\"elementor-column elementor-col-33 elementor-top-column elementor-element elementor-element-a60d4c8\" data-id=\"a60d4c8\" data-element_type=\"column\">\n\t\t\t<div class=\"elementor-widget-wrap\">\n\t\t\t\t\t\t\t\t\t<\/div>\n\t\t<\/div>\n\t\t\t\t<div class=\"elementor-column elementor-col-33 elementor-top-column elementor-element elementor-element-e673118\" data-id=\"e673118\" data-element_type=\"column\">\n\t\t\t<div class=\"elementor-widget-wrap elementor-element-populated\">\n\t\t\t\t\t\t\t\t<div class=\"elementor-element elementor-element-cbb66b8 elementor-widget elementor-widget-text-editor\" data-id=\"cbb66b8\" data-element_type=\"widget\" data-widget_type=\"text-editor.default\">\n\t\t\t\t<div class=\"elementor-widget-container\">\n\t\t\t\t\t<div class=\"elementor-text-editor elementor-clearfix\"><p>As RA\u00cdZES servem para sustenta\u00e7\u00e3o e absor\u00e7\u00e3o de nutrientes pelas plantas.\u00a0 Usamos este termo para representar tamb\u00e9m nossa rela\u00e7\u00e3o com a sabedoria e a cultura do territ\u00f3rio onde nascemos.\u00a0 Nesses momentos sombrios sentimos a necessidade de nos voltarmos para o autoconhecimento, repensando nossas rela\u00e7\u00f5es, nossas pr\u00e1ticas. Em analogia \u00e0s imagens em movimento do cinema, nossas RA\u00cdZES EM MOVIMENTO aparentemente parecem estar im\u00f3veis, embora estejam sempre se expandindo, buscando novos caminhos, apoios e perspectivas de sobreviv\u00eancia, conectando-se com a ess\u00eancia e ao mesmo tempo com o planeta. Reconectar \u00e9 termo que nos move neste momento.<\/p><\/div>\n\t\t\t\t<\/div>\n\t\t\t\t<\/div>\n\t\t\t\t\t<\/div>\n\t\t<\/div>\n\t\t\t\t<div class=\"elementor-column elementor-col-33 elementor-top-column elementor-element elementor-element-ead93f5\" data-id=\"ead93f5\" data-element_type=\"column\">\n\t\t\t<div class=\"elementor-widget-wrap\">\n\t\t\t\t\t\t\t\t\t<\/div>\n\t\t<\/div>\n\t\t\t\t\t\t\t<\/div>\n\t\t<\/section>\n\t\t\t\t<section class=\"elementor-section elementor-top-section elementor-element elementor-element-c2dedfc elementor-section-boxed elementor-section-height-default elementor-section-height-default\" data-id=\"c2dedfc\" data-element_type=\"section\">\n\t\t\t\t\t\t<div class=\"elementor-container elementor-column-gap-default\">\n\t\t\t\t\t<div class=\"elementor-column elementor-col-100 elementor-top-column elementor-element elementor-element-778840f\" data-id=\"778840f\" data-element_type=\"column\">\n\t\t\t<div class=\"elementor-widget-wrap elementor-element-populated\">\n\t\t\t\t\t\t\t\t<div class=\"elementor-element elementor-element-2c4c453 elementor-widget-divider--view-line elementor-widget elementor-widget-divider\" data-id=\"2c4c453\" data-element_type=\"widget\" data-widget_type=\"divider.default\">\n\t\t\t\t<div class=\"elementor-widget-container\">\n\t\t\t\t\t<div class=\"elementor-divider\">\n\t\t\t<span class=\"elementor-divider-separator\">\n\t\t\t\t\t\t<\/span>\n\t\t<\/div>\n\t\t\t\t<\/div>\n\t\t\t\t<\/div>\n\t\t\t\t\t<\/div>\n\t\t<\/div>\n\t\t\t\t\t\t\t<\/div>\n\t\t<\/section>\n\t\t\t\t<section class=\"elementor-section elementor-top-section elementor-element elementor-element-82d399b elementor-section-boxed elementor-section-height-default elementor-section-height-default\" data-id=\"82d399b\" data-element_type=\"section\">\n\t\t\t\t\t\t<div class=\"elementor-container elementor-column-gap-default\">\n\t\t\t\t\t<div class=\"elementor-column elementor-col-100 elementor-top-column elementor-element elementor-element-ba03722\" data-id=\"ba03722\" data-element_type=\"column\">\n\t\t\t<div class=\"elementor-widget-wrap elementor-element-populated\">\n\t\t\t\t\t\t\t\t<div class=\"elementor-element elementor-element-d89fa3a elementor-widget elementor-widget-html\" data-id=\"d89fa3a\" data-element_type=\"widget\" data-widget_type=\"html.default\">\n\t\t\t\t<div class=\"elementor-widget-container\">\n\t\t\t<div itemscope itemtype=\"https:\/\/schema.org\/VideoObject\"><meta itemprop=\"uploadDate\" content=\"Thu Mar 18 2021 10:05:20 GMT-0300 (Hor\u00e1rio Padr\u00e3o de Bras\u00edlia)\"\/><meta itemprop=\"name\" content=\"Vinheta 8 Festcinecru\"\/><meta itemprop=\"duration\" content=\"PT59.076S\" \/><meta itemprop=\"thumbnailUrl\" content=\"https:\/\/content.jwplatform.com\/thumbs\/mPjpMu1T-1920.jpg\"\/><meta itemprop=\"contentUrl\" content=\"https:\/\/content.jwplatform.com\/videos\/mPjpMu1T-kgOoGD2Q.mp4\"\/><div style=\"position:relative; overflow:hidden; padding-bottom:56.25%\"> <iframe loading=\"lazy\" src=\"https:\/\/cdn.jwplayer.com\/players\/mPjpMu1T-RRJX2Kic.html\" width=\"100%\" height=\"100%\" frameborder=\"0\" scrolling=\"auto\" title=\"Vinheta 8 Festcinecru\" style=\"position:absolute;\" allowfullscreen><\/iframe> <\/div><\/div>\t\t<\/div>\n\t\t\t\t<\/div>\n\t\t\t\t\t<\/div>\n\t\t<\/div>\n\t\t\t\t\t\t\t<\/div>\n\t\t<\/section>\n\t\t\t\t<section class=\"elementor-section elementor-top-section elementor-element elementor-element-3664b9f elementor-section-boxed elementor-section-height-default elementor-section-height-default\" data-id=\"3664b9f\" data-element_type=\"section\">\n\t\t\t\t\t\t<div class=\"elementor-container elementor-column-gap-default\">\n\t\t\t\t\t<div class=\"elementor-column elementor-col-100 elementor-top-column elementor-element elementor-element-4499dd5\" data-id=\"4499dd5\" data-element_type=\"column\">\n\t\t\t<div class=\"elementor-widget-wrap elementor-element-populated\">\n\t\t\t\t\t\t\t\t<div class=\"elementor-element elementor-element-da80855 elementor-widget-divider--view-line elementor-widget elementor-widget-divider\" data-id=\"da80855\" data-element_type=\"widget\" data-widget_type=\"divider.default\">\n\t\t\t\t<div class=\"elementor-widget-container\">\n\t\t\t\t\t<div class=\"elementor-divider\">\n\t\t\t<span class=\"elementor-divider-separator\">\n\t\t\t\t\t\t<\/span>\n\t\t<\/div>\n\t\t\t\t<\/div>\n\t\t\t\t<\/div>\n\t\t\t\t\t<\/div>\n\t\t<\/div>\n\t\t\t\t\t\t\t<\/div>\n\t\t<\/section>\n\t\t\t\t<section class=\"elementor-section elementor-top-section elementor-element elementor-element-44977ec8 elementor-section-content-middle elementor-section-boxed elementor-section-height-default elementor-section-height-default\" data-id=\"44977ec8\" data-element_type=\"section\" data-settings=\"{&quot;background_background&quot;:&quot;classic&quot;}\">\n\t\t\t\t\t\t<div class=\"elementor-container elementor-column-gap-no\">\n\t\t\t\t\t<div class=\"elementor-column elementor-col-100 elementor-top-column elementor-element elementor-element-b13dac4\" data-id=\"b13dac4\" data-element_type=\"column\">\n\t\t\t<div class=\"elementor-widget-wrap elementor-element-populated\">\n\t\t\t\t\t\t\t\t<div class=\"elementor-element elementor-element-693cb16d elementor-widget elementor-widget-heading\" data-id=\"693cb16d\" data-element_type=\"widget\" data-widget_type=\"heading.default\">\n\t\t\t\t<div class=\"elementor-widget-container\">\n\t\t\t<h6 class=\"elementor-heading-title elementor-size-default\">NOSSOS CANAIS<\/h6>\t\t<\/div>\n\t\t\t\t<\/div>\n\t\t\t\t<div class=\"elementor-element elementor-element-59ba026e elementor-shape-rounded elementor-grid-0 e-grid-align-center elementor-widget elementor-widget-social-icons\" data-id=\"59ba026e\" data-element_type=\"widget\" data-widget_type=\"social-icons.default\">\n\t\t\t\t<div class=\"elementor-widget-container\">\n\t\t\t\t\t<div class=\"elementor-social-icons-wrapper elementor-grid\">\n\t\t\t\t\t\t\t<div class=\"elementor-grid-item\">\n\t\t\t\t\t<a class=\"elementor-icon elementor-social-icon elementor-social-icon-facebook-f elementor-animation-grow elementor-repeater-item-9c86cde\" href=\"https:\/\/www.facebook.com\/festivaldecinemadecaruaru\" target=\"_blank\">\n\t\t\t\t\t\t<span class=\"elementor-screen-only\">Facebook-f<\/span>\n\t\t\t\t\t\t<i class=\"fab fa-facebook-f\"><\/i>\t\t\t\t\t<\/a>\n\t\t\t\t<\/div>\n\t\t\t\t\t\t\t<div class=\"elementor-grid-item\">\n\t\t\t\t\t<a class=\"elementor-icon elementor-social-icon elementor-social-icon-instagram elementor-animation-grow elementor-repeater-item-7b9d1bc\" href=\"https:\/\/www.instagram.com\/festcinecru\" target=\"_blank\">\n\t\t\t\t\t\t<span class=\"elementor-screen-only\">Instagram<\/span>\n\t\t\t\t\t\t<i class=\"fab fa-instagram\"><\/i>\t\t\t\t\t<\/a>\n\t\t\t\t<\/div>\n\t\t\t\t\t\t\t<div class=\"elementor-grid-item\">\n\t\t\t\t\t<a class=\"elementor-icon elementor-social-icon elementor-social-icon-youtube elementor-animation-grow elementor-repeater-item-1cfae18\" href=\"http:\/\/youtube.com\/user\/FICCAOTV\" target=\"_blank\">\n\t\t\t\t\t\t<span class=\"elementor-screen-only\">Youtube<\/span>\n\t\t\t\t\t\t<i class=\"fab fa-youtube\"><\/i>\t\t\t\t\t<\/a>\n\t\t\t\t<\/div>\n\t\t\t\t\t<\/div>\n\t\t\t\t<\/div>\n\t\t\t\t<\/div>\n\t\t\t\t\t<\/div>\n\t\t<\/div>\n\t\t\t\t\t\t\t<\/div>\n\t\t<\/section>\n\t\t\t\t<section class=\"elementor-section elementor-top-section elementor-element elementor-element-179f4a8 elementor-section-boxed elementor-section-height-default elementor-section-height-default\" data-id=\"179f4a8\" data-element_type=\"section\" data-settings=\"{&quot;background_background&quot;:&quot;classic&quot;}\">\n\t\t\t\t\t\t<div class=\"elementor-container elementor-column-gap-default\">\n\t\t\t\t\t<div class=\"elementor-column elementor-col-100 elementor-top-column elementor-element elementor-element-af04223\" data-id=\"af04223\" data-element_type=\"column\">\n\t\t\t<div class=\"elementor-widget-wrap elementor-element-populated\">\n\t\t\t\t\t\t\t\t<div class=\"elementor-element elementor-element-309d8d1 elementor-widget elementor-widget-image\" data-id=\"309d8d1\" data-element_type=\"widget\" data-widget_type=\"image.default\">\n\t\t\t\t<div class=\"elementor-widget-container\">\n\t\t\t\t\t<div class=\"elementor-image\">\n\t\t\t\t\t\t\t\t\t\t<img width=\"900\" height=\"92\" src=\"https:\/\/festivaldecaruaru.com.br\/2021\/wp-content\/uploads\/2021\/02\/Regua_Incentivo.png\" class=\"attachment-large size-large\" alt=\"\" loading=\"lazy\" srcset=\"https:\/\/festivaldecaruaru.com.br\/2021\/wp-content\/uploads\/2021\/02\/Regua_Incentivo.png 900w, https:\/\/festivaldecaruaru.com.br\/2021\/wp-content\/uploads\/2021\/02\/Regua_Incentivo-300x31.png 300w, https:\/\/festivaldecaruaru.com.br\/2021\/wp-content\/uploads\/2021\/02\/Regua_Incentivo-768x79.png 768w\" sizes=\"(max-width: 900px) 100vw, 900px\" \/>\t\t\t\t\t\t\t\t\t\t\t<\/div>\n\t\t\t\t<\/div>\n\t\t\t\t<\/div>\n\t\t\t\t\t<\/div>\n\t\t<\/div>\n\t\t\t\t\t\t\t<\/div>\n\t\t<\/section>\n\t\t\t\t\t\t<\/div>\n\t\t\t\t\t<\/div>\n\t\t","protected":false},"excerpt":{"rendered":"<p>As RA\u00cdZES servem para sustenta\u00e7\u00e3o e absor\u00e7\u00e3o de nutrientes pelas plantas.\u00a0 Usamos este termo para representar tamb\u00e9m nossa rela\u00e7\u00e3o com a sabedoria e a cultura do territ\u00f3rio onde nascemos.\u00a0 Nesses momentos sombrios sentimos a necessidade de nos voltarmos para o autoconhecimento, repensando nossas rela\u00e7\u00f5es, nossas pr\u00e1ticas. Em analogia \u00e0s imagens em movimento do cinema, nossas&hellip;&nbsp;<a href=\"https:\/\/festivaldecaruaru.com.br\/2021\/?page_id=648\" class=\"\" rel=\"bookmark\">Read More &raquo;<span class=\"screen-reader-text\">O Festival<\/span><\/a><\/p>\n","protected":false},"author":1,"featured_media":0,"parent":0,"menu_order":0,"comment_status":"closed","ping_status":"closed","template":"","meta":{"neve_meta_sidebar":"full-width","neve_meta_container":"","neve_meta_enable_content_width":"on","neve_meta_content_width":100,"neve_meta_title_alignment":"","neve_meta_author_avatar":"","neve_post_elements_order":"","neve_meta_disable_header":"","neve_meta_disable_footer":"","neve_meta_disable_title":"","_ti_tpc_template_sync":false,"_ti_tpc_template_id":""},"_links":{"self":[{"href":"https:\/\/festivaldecaruaru.com.br\/2021\/index.php?rest_route=\/wp\/v2\/pages\/648"}],"collection":[{"href":"https:\/\/festivaldecaruaru.com.br\/2021\/index.php?rest_route=\/wp\/v2\/pages"}],"about":[{"href":"https:\/\/festivaldecaruaru.com.br\/2021\/index.php?rest_route=\/wp\/v2\/types\/page"}],"author":[{"embeddable":true,"href":"https:\/\/festivaldecaruaru.com.br\/2021\/index.php?rest_route=\/wp\/v2\/users\/1"}],"replies":[{"embeddable":true,"href":"https:\/\/festivaldecaruaru.com.br\/2021\/index.php?rest_route=%2Fwp%2Fv2%2Fcomments&post=648"}],"version-history":[{"count":7,"href":"https:\/\/festivaldecaruaru.com.br\/2021\/index.php?rest_route=\/wp\/v2\/pages\/648\/revisions"}],"predecessor-version":[{"id":656,"href":"https:\/\/festivaldecaruaru.com.br\/2021\/index.php?rest_route=\/wp\/v2\/pages\/648\/revisions\/656"}],"wp:attachment":[{"href":"https:\/\/festivaldecaruaru.com.br\/2021\/index.php?rest_route=%2Fwp%2Fv2%2Fmedia&parent=648"}],"curies":[{"name":"wp","href":"https:\/\/api.w.org\/{rel}","templated":true}]}}